
{"id":4715,"date":"2021-11-05T09:29:27","date_gmt":"2021-11-05T09:29:27","guid":{"rendered":"http:\/\/www.novasolmallorca.es\/?page_id=4715"},"modified":"2021-11-05T09:30:06","modified_gmt":"2021-11-05T09:30:06","slug":"legal-advice","status":"publish","type":"page","link":"https:\/\/www.novasolmallorca.es\/en\/legal-advice\/","title":{"rendered":"Legal Advice"},"content":{"rendered":"\t\t<div data-elementor-type=\"wp-page\" data-elementor-id=\"4715\" class=\"elementor elementor-4715\">\r\n\t\t\t\t\t\t<section class=\"elementor-section elementor-top-section elementor-element elementor-element-7339b9e elementor-section-boxed elementor-section-height-default elementor-section-height-default false\" data-id=\"7339b9e\" data-element_type=\"section\" data-settings=\"{&quot;background_background&quot;:&quot;classic&quot;}\">\r\n\t\t\t\t\t\t<div class=\"elementor-container elementor-column-gap-default\">\r\n\t\t\t\t\t<div class=\"elementor-column elementor-col-100 elementor-top-column elementor-element elementor-element-bde1c67\" data-id=\"bde1c67\" data-element_type=\"column\">\r\n\t\t\t<div class=\"elementor-widget-wrap elementor-element-populated\">\r\n\t\t\t\t\r\n\t\t<div class=\"elementor-element elementor-element-a2e1b67 elementor-widget elementor-widget-spacer\" data-id=\"a2e1b67\" data-element_type=\"widget\" data-widget_type=\"spacer.default\">\r\n\t\t\t\t<div class=\"elementor-widget-container\">\r\n\t\t\t<style>\/*! elementor - v3.21.0 - 22-05-2024 *\/\n.elementor-column .elementor-spacer-inner{height:var(--spacer-size)}.e-con{--container-widget-width:100%}.e-con-inner>.elementor-widget-spacer,.e-con>.elementor-widget-spacer{width:var(--container-widget-width,var(--spacer-size));--align-self:var(--container-widget-align-self,initial);--flex-shrink:0}.e-con-inner>.elementor-widget-spacer>.elementor-widget-container,.e-con>.elementor-widget-spacer>.elementor-widget-container{height:100%;width:100%}.e-con-inner>.elementor-widget-spacer>.elementor-widget-container>.elementor-spacer,.e-con>.elementor-widget-spacer>.elementor-widget-container>.elementor-spacer{height:100%}.e-con-inner>.elementor-widget-spacer>.elementor-widget-container>.elementor-spacer>.elementor-spacer-inner,.e-con>.elementor-widget-spacer>.elementor-widget-container>.elementor-spacer>.elementor-spacer-inner{height:var(--container-widget-height,var(--spacer-size))}.e-con-inner>.elementor-widget-spacer.elementor-widget-empty,.e-con>.elementor-widget-spacer.elementor-widget-empty{position:relative;min-height:22px;min-width:22px}.e-con-inner>.elementor-widget-spacer.elementor-widget-empty .elementor-widget-empty-icon,.e-con>.elementor-widget-spacer.elementor-widget-empty .elementor-widget-empty-icon{position:absolute;top:0;bottom:0;left:0;right:0;margin:auto;padding:0;width:22px;height:22px}<\/style>\t\t<div class=\"elementor-spacer\">\r\n\t\t\t<div class=\"elementor-spacer-inner\"><\/div>\r\n\t\t<\/div>\r\n\t\t\t\t<\/div>\r\n\t\t\t\t<\/div>\r\n\t\t\t\t<div class=\"elementor-element elementor-element-9c1b6c1 false elementor-widget elementor-widget-heading\" data-id=\"9c1b6c1\" data-element_type=\"widget\" data-widget_type=\"heading.default\">\r\n\t\t\t\t<div class=\"elementor-widget-container\">\r\n\t\t\t<style>\/*! elementor - v3.21.0 - 22-05-2024 *\/\n.elementor-heading-title{padding:0;margin:0;line-height:1}.elementor-widget-heading .elementor-heading-title[class*=elementor-size-]>a{color:inherit;font-size:inherit;line-height:inherit}.elementor-widget-heading .elementor-heading-title.elementor-size-small{font-size:15px}.elementor-widget-heading .elementor-heading-title.elementor-size-medium{font-size:19px}.elementor-widget-heading .elementor-heading-title.elementor-size-large{font-size:29px}.elementor-widget-heading .elementor-heading-title.elementor-size-xl{font-size:39px}.elementor-widget-heading .elementor-heading-title.elementor-size-xxl{font-size:59px}<\/style><h2 class=\"elementor-heading-title elementor-size-default\">Aviso Legal<\/h2>\t\t<\/div>\r\n\t\t\t\t<\/div>\r\n\t\t\t\t<div class=\"elementor-element elementor-element-44956a6 elementor-widget elementor-widget-spacer\" data-id=\"44956a6\" data-element_type=\"widget\" data-widget_type=\"spacer.default\">\r\n\t\t\t\t<div class=\"elementor-widget-container\">\r\n\t\t\t\t\t<div class=\"elementor-spacer\">\r\n\t\t\t<div class=\"elementor-spacer-inner\"><\/div>\r\n\t\t<\/div>\r\n\t\t\t\t<\/div>\r\n\t\t\t\t<\/div>\r\n\t\t\t\t\t<\/div>\r\n\t\t<\/div>\r\n\t\t\t\t\t<\/div>\r\n\t\t<\/section>\r\n\t\t\t\t<section class=\"elementor-section elementor-top-section elementor-element elementor-element-a179f81 elementor-section-boxed elementor-section-height-default elementor-section-height-default false\" data-id=\"a179f81\" data-element_type=\"section\">\r\n\t\t\t\t\t\t<div class=\"elementor-container elementor-column-gap-default\">\r\n\t\t\t\t\t<div class=\"elementor-column elementor-col-100 elementor-top-column elementor-element elementor-element-32e1ed7\" data-id=\"32e1ed7\" data-element_type=\"column\">\r\n\t\t\t<div class=\"elementor-widget-wrap elementor-element-populated\">\r\n\t\t\t\t\t\t<div class=\"elementor-element elementor-element-68b4ccf elementor-widget elementor-widget-spacer\" data-id=\"68b4ccf\" data-element_type=\"widget\" data-widget_type=\"spacer.default\">\r\n\t\t\t\t<div class=\"elementor-widget-container\">\r\n\t\t\t\t\t<div class=\"elementor-spacer\">\r\n\t\t\t<div class=\"elementor-spacer-inner\"><\/div>\r\n\t\t<\/div>\r\n\t\t\t\t<\/div>\r\n\t\t\t\t<\/div>\r\n\t\t\t\t<div class=\"elementor-element elementor-element-a59cf41 elementor-widget elementor-widget-text-editor\" data-id=\"a59cf41\" data-element_type=\"widget\" data-widget_type=\"text-editor.default\">\r\n\t\t\t\t<div class=\"elementor-widget-container\">\r\n\t\t\t<style>\/*! elementor - v3.21.0 - 22-05-2024 *\/\n.elementor-widget-text-editor.elementor-drop-cap-view-stacked .elementor-drop-cap{background-color:#69727d;color:#fff}.elementor-widget-text-editor.elementor-drop-cap-view-framed .elementor-drop-cap{color:#69727d;border:3px solid;background-color:transparent}.elementor-widget-text-editor:not(.elementor-drop-cap-view-default) .elementor-drop-cap{margin-top:8px}.elementor-widget-text-editor:not(.elementor-drop-cap-view-default) .elementor-drop-cap-letter{width:1em;height:1em}.elementor-widget-text-editor .elementor-drop-cap{float:left;text-align:center;line-height:1;font-size:50px}.elementor-widget-text-editor .elementor-drop-cap-letter{display:inline-block}<\/style>\t\t\t\t<h3>Datos de la empresa<\/h3><p>En cumplimiento del art\u00edculo 10 de la Ley 34\/2002, de 11 de julio, de Servicios de la Sociedad de la Informaci\u00f3n y Comercio Electr\u00f3nico, a continuaci\u00f3n se publican los datos identificativos de la empresa.<\/p><p>Denominaci\u00f3n Social: NOVASOL SISTEMAS ENERGETICOS S.L.<\/p><p>Sociedad Inscrita en Registro Mercantil de M\u00e1laga, Tomo 3443, Libro 2355, Folio 114, Hoja MA-67181<\/p><p>Nif \/ Cif: B-92488956<\/p><p>Domicilio Social: Carretera Azucarera Intelhorce, 102, 29004 M\u00e1laga (Spain)<\/p><p>Contacto e-mail: info@novasol.es<\/p><h3>\u00a0<\/h3><h3>Usuarios<\/h3><p>El acceso y\/o uso de los portales de Novasol S.L. atribuye la condici\u00f3n de USUARIO, que acepta, desde dicho acceso y\/o uso, las Condiciones Generales de Uso aqu\u00ed reflejadas.<\/p><p>\u00a0<\/p><h3>Protecci\u00f3n de datos (LOPD) y comercio electr\u00f3nico (LSSI)\u00a0<\/h3><p>En el marco del cumplimiento de la legislaci\u00f3n vigente, recogida en la Ley Org\u00e1nica 15\/1999, de 13 de diciembre, sobre protecci\u00f3n de Datos de Car\u00e1cter Personal (LOPD), Novasol S.L. informa a los usuarios que en el presente sitio web no se solicitan ni registran datos de car\u00e1cter privado. \u00danicamente, en determinadas circunstancias, se precisar\u00e1 una cuenta e-mail del usuario con la finalidad de contestar sus preguntas, dudas, peticiones o sugerencias y exclusivamente en caso que el usuario utilice ese medio para contactar con Novasol S.L. ya sea directamente o a trav\u00e9s de sus websites.<\/p><p>Novasol S.L. se compromete a no remitir comunicaciones comerciales sin identificarlas como tales, conforme a lo dispuesto en la Ley 34\/2002 de Servicios de la Sociedad de la Informaci\u00f3n y de comercio electr\u00f3nico. A estos efectos no ser\u00e1 considerado como comunicaci\u00f3n comercial toda la informaci\u00f3n que se env\u00ede a los clientes y\/o contactos e-mail (obtenidos por medios p\u00fablicos) de Novasol S.L. siempre que tenga por finalidad el mantenimiento de las relaciones existentes entre cliente y Novasol S.L., as\u00ed como el desempe\u00f1o de las tareas de informaci\u00f3n, formaci\u00f3n u otras actividades propias del servicio que Novasol S.L. ofrece como empresa para clientes y\/o contactos.<\/p><p>Novasol S.L. se compromete a trav\u00e9s de este medio a no realizar publicidad enga\u00f1osa. A estos efectos, por lo tanto, no ser\u00e1n considerados como publicidad enga\u00f1osa los errores formales o num\u00e9ricos que puedan encontrarse a lo largo del contenido de las distintas secciones de la web de Novasol S.L., producidos como consecuencia de un mantenimiento y\/o actualizaci\u00f3n incompleta o defectuosa de la informaci\u00f3n contenida es estas secciones. Novasol S.L., como consecuencia de lo dispuesto en este apartado, se compromete a corregirlo tan pronto como tenga conocimiento de dichos errores.<\/p><h3>\u00a0<\/h3><h3>Uso del website<\/h3><p>Las websites de Novasol S.L. proporcionan el acceso a multitud de informaciones, servicios o datos (en adelante, \u00ablos contenidos\u00bb) en Internet pertenecientes a Novasol S.L. a los que el USUARIO pueda tener acceso. El USUARIO asume la responsabilidad del uso del website. Dicha responsabilidad se extiende al registro que fuese necesario para acceder a determinados servicios o contenidos. En dicho registro el USUARIO ser\u00e1 responsable de aportar informaci\u00f3n veraz y l\u00edcita. Como consecuencia de este registro, al USUARIO se le puede proporcionar una contrase\u00f1a de la que ser\u00e1 responsable, comprometi\u00e9ndose a hacer un uso diligente y confidencial de la misma.<\/p><p>El USUARIO se compromete a hacer un uso adecuado de los contenidos y servicios (como por ejemplo servicios de chat, foros, grupos de noticias, blog \u0301s, \u00e1reas de registro, acceso restringido, etc ) que Novasol S.L. ofrece a trav\u00e9s de sus websites y con car\u00e1cter enunciativo pero no limitativo, a no emplearlos para:<\/p><ul><li>Incurrir en actividades il\u00edcitas, ilegales o contrarias a la buena fe y al orden p\u00fablico.<\/li><li>Difundir contenidos o propaganda de car\u00e1cter racista, xen\u00f3fobo, pornogr\u00e1fico-ilegal, de apolog\u00eda del terrorismo o atentatorio contra los derechos humanos.<\/li><li>Provocar da\u00f1os en los sistemas f\u00edsicos y l\u00f3gicos de Novasol S.L., de sus proveedores o de terceras personas, introducir o difundir en la red virus inform\u00e1ticos o cualesquiera otros sistemas f\u00edsicos o l\u00f3gicos que sean susceptibles de provocar los da\u00f1os anteriormente mencionados.<\/li><li>Intentar acceder y, en su caso, utilizar las cuentas de correo electr\u00f3nico de otros usuarios y modificar o manipular sus mensajes.<\/li><\/ul><p>Novasol S.L. se reserva el derecho de retirar todos aquellos comentarios y aportaciones que vulneren el respeto a la dignidad de la persona, que sean discriminatorios, xen\u00f3fobos, racistas, pornogr\u00e1ficos, que atenten contra la juventud o la infancia, el orden o la seguridad p\u00fablica o que, a su juicio, no resultaran adecuados para su publicaci\u00f3n.<\/p><p>En cualquier caso, Novasol S.L. no ser\u00e1 responsable de las opiniones vertidas por los usuarios a trav\u00e9s de los foros, chats, blog \u0301s u otras herramientas de participaci\u00f3n.<\/p><p>\u00a0<\/p><h3>Propiedad intelectual<\/h3><p>Novasol S.L., es titular de todos los derechos de propiedad intelectual sus p\u00e1ginas web, as\u00ed como de los elementos contenidos en el mismo (a t\u00edtulo enunciativo, im\u00e1genes, sonido, audio, v\u00eddeo, o textos, marcas o logotipos, combinaciones de colores, estructura y dise\u00f1o, selecci\u00f3n de materiales usados, acceso y uso, etc\u2026). Todos los derechos reservados. En virtud de lo dispuesto en los art\u00edculos 8 y 32.1, p\u00e1rrafo segundo, de la Ley de Propiedad Intelectual, quedan expresamente prohibidas la reproducci\u00f3n total y\/o parcial, sin la autorizaci\u00f3n de Novasol S.L.. Podr\u00e1 visualizar los elementos de las diferentes websites e incluso imprimirlos, copiarlos y almacenarlos en el disco duro de su ordenador o en cualquier otro soporte f\u00edsico siempre y cuando sea, \u00fanica y exclusivamente, para su uso personal y privado. El USUARIO deber\u00e1 abstenerse de suprimir, alterar, eludir o manipular cualquier dispositivo de protecci\u00f3n o sistema de seguridad que estuviera instalado en el las p\u00e1ginas de Novasol S.L..<\/p><p>\u00a0<\/p><h3>Exclusi\u00f3n de garant\u00edas y seguridad<\/h3><p>Novasol S.L. no se hace responsable, en ning\u00fan caso, de los da\u00f1os y perjuicios de cualquier naturaleza que pudieran ocasionar, a t\u00edtulo enunciativo: errores u omisiones en los contenidos, falta de disponibilidad del portal o la transmisi\u00f3n de virus o programas maliciosos o lesivos en los contenidos, a pesar de haber adoptado todas las medidas tecnol\u00f3gicas necesarias para evitarlo.<\/p><p>\u00a0<\/p><h3>Modificaciones<\/h3><p>Novasol S.L. se reserva el derecho de efectuar sin previo aviso las modificaciones que considere oportunas en sus websites, pudiendo cambiar, suprimir o a\u00f1adir tanto los contenidos y servicios que se presten a trav\u00e9s de la misma como la forma en la que \u00e9stos aparezcan presentados o localizados en sus websites.<\/p><p>\u00a0<\/p><h3>Empleo de Cookies<\/h3><p>Novasol S.L. Utiliza cookies propias y de terceros, para garantizarle que le damos la mejor experiencia en nuestro sitio web. Si navega por nuestras web sin cambiar las propiedades de su navegador, asumimos que est\u00e1 de acuerdo en recibir todas las cookies en este sitio Web.<\/p><p>Por supuesto, tambi\u00e9n puede cambiar sus preferencias en cookies en cualquier momento a trav\u00e9s de las propiedades de su navegador. Los detalles de nuestras cookies y pol\u00edtica puede encontrarlo en el link de nuestra web (pol\u00edtica de cookies).<\/p><p>\u00a0<\/p><h3>Enlaces<\/h3><p>En el caso de que en las websites se dispusiesen enlaces o hiperv\u00ednculos hac\u00eda otros sitios de Internet, Novasol S.L. no ejercer\u00e1 ning\u00fan tipo de control sobre dichos sitios y contenidos. En ning\u00fan caso Novasol S.L. asumir\u00e1 responsabilidad alguna por los contenidos de alg\u00fan enlace perteneciente a un sitio web ajeno, ni garantizar\u00e1 la disponibilidad t\u00e9cnica, calidad, fiabilidad, exactitud, amplitud, veracidad, validez<br \/>y constitucionalidad de cualquier material o informaci\u00f3n contenida en ninguno de dichos hiperv\u00ednculos u otros sitios de Internet. Igualmente la inclusi\u00f3n de estas conexiones externas no implicar\u00e1 ning\u00fan tipo de asociaci\u00f3n,<br \/>fusi\u00f3n o participaci\u00f3n con las entidades conectadas.<\/p><p>\u00a0<\/p><h3>Derecho de exclusi\u00f3n<\/h3><p>Novasol S.L. se reserva el derecho a denegar o retirar el acceso a sus websites y\/o los servicios ofrecidos sin necesidad de preaviso, a instancia propia o de un tercero, a aquellos usuarios que incumplan las presentes Condiciones Generales de Uso.<\/p><p>\u00a0<\/p><h3>Generalidades<\/h3><p>Los servicios jur\u00eddicos de Novasol S.L. velar\u00e1n por el cumplimiento de las presentes condiciones as\u00ed como cualquier utilizaci\u00f3n indebida de sus websites ejerciendo todas las acciones civiles y penales que le puedan corresponder en derecho. En definitiva, el Usuario es el \u00fanico responsable del uso que realice de los servicios, contenidos, enlaces (links) e hipertexto incluidos en el sitio web el presente sitio web.<\/p><p>\u00a0<\/p><h3>Modificaci\u00f3n de las presentes condiciones y duraci\u00f3n<\/h3><p>Novasol S.L. podr\u00e1 modificar en cualquier momento las condiciones aqu\u00ed determinadas, siendo debidamente publicadas como aqu\u00ed aparecen. La vigencia de las citadas condiciones ir\u00e1 en funci\u00f3n de su exposici\u00f3n y estar\u00e1n vigentes hasta que sean modificadas por otras debidamente publicadas.<\/p><p>\u00a0<\/p><h3>Legislaci\u00f3n aplicable y jurisdicci\u00f3n<\/h3><p>La relaci\u00f3n entre Novasol S.L. y el USUARIO se regir\u00e1 por la normativa espa\u00f1ola vigente y cualquier controversia se someter\u00e1 a los Juzgados y tribunales de la ciudad de M\u00e1laga (Spain).<\/p>\t\t\t\t\t\t<\/div>\r\n\t\t\t\t<\/div>\r\n\t\t\t\t<div class=\"elementor-element elementor-element-f1b3a8a elementor-widget elementor-widget-spacer\" data-id=\"f1b3a8a\" data-element_type=\"widget\" data-widget_type=\"spacer.default\">\r\n\t\t\t\t<div class=\"elementor-widget-container\">\r\n\t\t\t\t\t<div class=\"elementor-spacer\">\r\n\t\t\t<div class=\"elementor-spacer-inner\"><\/div>\r\n\t\t<\/div>\r\n\t\t\t\t<\/div>\r\n\t\t\t\t<\/div>\r\n\t\t\t\t\t<\/div>\r\n\t\t<\/div>\r\n\t\t\t\t\t<\/div>\r\n\t\t<\/section>\r\n\t\t\t\t<\/div>\r\n\t\t","protected":false},"excerpt":{"rendered":"","protected":false},"author":1,"featured_media":0,"parent":0,"menu_order":0,"comment_status":"closed","ping_status":"closed","template":"layouts\/home-page-layout.php","meta":{"footnotes":""},"class_list":["post-4715","page","type-page","status-publish","hentry"],"aioseo_notices":[],"_links":{"self":[{"href":"https:\/\/www.novasolmallorca.es\/en\/wp-json\/wp\/v2\/pages\/4715","targetHints":{"allow":["GET"]}}],"collection":[{"href":"https:\/\/www.novasolmallorca.es\/en\/wp-json\/wp\/v2\/pages"}],"about":[{"href":"https:\/\/www.novasolmallorca.es\/en\/wp-json\/wp\/v2\/types\/page"}],"author":[{"embeddable":true,"href":"https:\/\/www.novasolmallorca.es\/en\/wp-json\/wp\/v2\/users\/1"}],"replies":[{"embeddable":true,"href":"https:\/\/www.novasolmallorca.es\/en\/wp-json\/wp\/v2\/comments?post=4715"}],"version-history":[{"count":1,"href":"https:\/\/www.novasolmallorca.es\/en\/wp-json\/wp\/v2\/pages\/4715\/revisions"}],"predecessor-version":[{"id":4716,"href":"https:\/\/www.novasolmallorca.es\/en\/wp-json\/wp\/v2\/pages\/4715\/revisions\/4716"}],"wp:attachment":[{"href":"https:\/\/www.novasolmallorca.es\/en\/wp-json\/wp\/v2\/media?parent=4715"}],"curies":[{"name":"wp","href":"https:\/\/api.w.org\/{rel}","templated":true}]}}