
{"id":4717,"date":"2021-11-05T09:31:07","date_gmt":"2021-11-05T09:31:07","guid":{"rendered":"http:\/\/www.novasolmallorca.es\/?page_id=4717"},"modified":"2021-11-05T09:32:36","modified_gmt":"2021-11-05T09:32:36","slug":"cookies-policy","status":"publish","type":"page","link":"https:\/\/www.novasolmallorca.es\/en\/cookies-policy\/","title":{"rendered":"Cookies policy"},"content":{"rendered":"\t\t<div data-elementor-type=\"wp-page\" data-elementor-id=\"4717\" class=\"elementor elementor-4717\">\r\n\t\t\t\t\t\t<section class=\"elementor-section elementor-top-section elementor-element elementor-element-0418615 elementor-section-boxed elementor-section-height-default elementor-section-height-default false\" data-id=\"0418615\" data-element_type=\"section\" data-settings=\"{&quot;background_background&quot;:&quot;classic&quot;}\">\r\n\t\t\t\t\t\t<div class=\"elementor-container elementor-column-gap-default\">\r\n\t\t\t\t\t<div class=\"elementor-column elementor-col-100 elementor-top-column elementor-element elementor-element-9f8b0a5\" data-id=\"9f8b0a5\" data-element_type=\"column\">\r\n\t\t\t<div class=\"elementor-widget-wrap elementor-element-populated\">\r\n\t\t\t\t\r\n\t\t<div class=\"elementor-element elementor-element-b83ecc4 elementor-widget elementor-widget-spacer\" data-id=\"b83ecc4\" data-element_type=\"widget\" data-widget_type=\"spacer.default\">\r\n\t\t\t\t<div class=\"elementor-widget-container\">\r\n\t\t\t<style>\/*! elementor - v3.21.0 - 22-05-2024 *\/\n.elementor-column .elementor-spacer-inner{height:var(--spacer-size)}.e-con{--container-widget-width:100%}.e-con-inner>.elementor-widget-spacer,.e-con>.elementor-widget-spacer{width:var(--container-widget-width,var(--spacer-size));--align-self:var(--container-widget-align-self,initial);--flex-shrink:0}.e-con-inner>.elementor-widget-spacer>.elementor-widget-container,.e-con>.elementor-widget-spacer>.elementor-widget-container{height:100%;width:100%}.e-con-inner>.elementor-widget-spacer>.elementor-widget-container>.elementor-spacer,.e-con>.elementor-widget-spacer>.elementor-widget-container>.elementor-spacer{height:100%}.e-con-inner>.elementor-widget-spacer>.elementor-widget-container>.elementor-spacer>.elementor-spacer-inner,.e-con>.elementor-widget-spacer>.elementor-widget-container>.elementor-spacer>.elementor-spacer-inner{height:var(--container-widget-height,var(--spacer-size))}.e-con-inner>.elementor-widget-spacer.elementor-widget-empty,.e-con>.elementor-widget-spacer.elementor-widget-empty{position:relative;min-height:22px;min-width:22px}.e-con-inner>.elementor-widget-spacer.elementor-widget-empty .elementor-widget-empty-icon,.e-con>.elementor-widget-spacer.elementor-widget-empty .elementor-widget-empty-icon{position:absolute;top:0;bottom:0;left:0;right:0;margin:auto;padding:0;width:22px;height:22px}<\/style>\t\t<div class=\"elementor-spacer\">\r\n\t\t\t<div class=\"elementor-spacer-inner\"><\/div>\r\n\t\t<\/div>\r\n\t\t\t\t<\/div>\r\n\t\t\t\t<\/div>\r\n\t\t\t\t<div class=\"elementor-element elementor-element-c2521ee false elementor-widget elementor-widget-heading\" data-id=\"c2521ee\" data-element_type=\"widget\" data-widget_type=\"heading.default\">\r\n\t\t\t\t<div class=\"elementor-widget-container\">\r\n\t\t\t<style>\/*! elementor - v3.21.0 - 22-05-2024 *\/\n.elementor-heading-title{padding:0;margin:0;line-height:1}.elementor-widget-heading .elementor-heading-title[class*=elementor-size-]>a{color:inherit;font-size:inherit;line-height:inherit}.elementor-widget-heading .elementor-heading-title.elementor-size-small{font-size:15px}.elementor-widget-heading .elementor-heading-title.elementor-size-medium{font-size:19px}.elementor-widget-heading .elementor-heading-title.elementor-size-large{font-size:29px}.elementor-widget-heading .elementor-heading-title.elementor-size-xl{font-size:39px}.elementor-widget-heading .elementor-heading-title.elementor-size-xxl{font-size:59px}<\/style><h2 class=\"elementor-heading-title elementor-size-default\">Pol\u00edtica de Cookies<\/h2>\t\t<\/div>\r\n\t\t\t\t<\/div>\r\n\t\t\t\t<div class=\"elementor-element elementor-element-4a25b41 elementor-widget elementor-widget-spacer\" data-id=\"4a25b41\" data-element_type=\"widget\" data-widget_type=\"spacer.default\">\r\n\t\t\t\t<div class=\"elementor-widget-container\">\r\n\t\t\t\t\t<div class=\"elementor-spacer\">\r\n\t\t\t<div class=\"elementor-spacer-inner\"><\/div>\r\n\t\t<\/div>\r\n\t\t\t\t<\/div>\r\n\t\t\t\t<\/div>\r\n\t\t\t\t\t<\/div>\r\n\t\t<\/div>\r\n\t\t\t\t\t<\/div>\r\n\t\t<\/section>\r\n\t\t\t\t<section class=\"elementor-section elementor-top-section elementor-element elementor-element-e8e4731 elementor-section-boxed elementor-section-height-default elementor-section-height-default false\" data-id=\"e8e4731\" data-element_type=\"section\">\r\n\t\t\t\t\t\t<div class=\"elementor-container elementor-column-gap-default\">\r\n\t\t\t\t\t<div class=\"elementor-column elementor-col-100 elementor-top-column elementor-element elementor-element-9820b89\" data-id=\"9820b89\" data-element_type=\"column\">\r\n\t\t\t<div class=\"elementor-widget-wrap elementor-element-populated\">\r\n\t\t\t\t\t\t<div class=\"elementor-element elementor-element-2851d4b elementor-widget elementor-widget-spacer\" data-id=\"2851d4b\" data-element_type=\"widget\" data-widget_type=\"spacer.default\">\r\n\t\t\t\t<div class=\"elementor-widget-container\">\r\n\t\t\t\t\t<div class=\"elementor-spacer\">\r\n\t\t\t<div class=\"elementor-spacer-inner\"><\/div>\r\n\t\t<\/div>\r\n\t\t\t\t<\/div>\r\n\t\t\t\t<\/div>\r\n\t\t\t\t<div class=\"elementor-element elementor-element-592b193 elementor-widget elementor-widget-text-editor\" data-id=\"592b193\" data-element_type=\"widget\" data-widget_type=\"text-editor.default\">\r\n\t\t\t\t<div class=\"elementor-widget-container\">\r\n\t\t\t<style>\/*! elementor - v3.21.0 - 22-05-2024 *\/\n.elementor-widget-text-editor.elementor-drop-cap-view-stacked .elementor-drop-cap{background-color:#69727d;color:#fff}.elementor-widget-text-editor.elementor-drop-cap-view-framed .elementor-drop-cap{color:#69727d;border:3px solid;background-color:transparent}.elementor-widget-text-editor:not(.elementor-drop-cap-view-default) .elementor-drop-cap{margin-top:8px}.elementor-widget-text-editor:not(.elementor-drop-cap-view-default) .elementor-drop-cap-letter{width:1em;height:1em}.elementor-widget-text-editor .elementor-drop-cap{float:left;text-align:center;line-height:1;font-size:50px}.elementor-widget-text-editor .elementor-drop-cap-letter{display:inline-block}<\/style>\t\t\t\t<h3>\u00bfQu\u00e9 es una cookie?<\/h3><p>Una cookie es un fichero que se descarga en su ordenador al acceder a determinadas p\u00e1ginas web. Las cookies permiten a una p\u00e1gina web, entre otras cosas, almacenar y recuperar informaci\u00f3n sobre los h\u00e1bitos de navegaci\u00f3n de un usuario o de su equipo y, dependiendo de la informaci\u00f3n que contengan y de la forma en que utilice su equipo, pueden utilizarse para reconocer al usuario.<\/p><p>\u00a0<\/p><h3>\u00bfQu\u00e9 tipo de cookies utiliza nuestra web?<\/h3><p>\u00a0<\/p><h4>SEG\u00daN EL PLAZO DE TIEMPO QUE PERMANECEN ACTIVAS LAS COOKIES PUEDEN SER:<\/h4><ul><li><strong>Cookies de sesi\u00f3n:<\/strong>\u00a0dise\u00f1adas para recabar y almacenar datos mientras el usuario accede a una p\u00e1gina web. Se suelen emplear para almacenar informaci\u00f3n que s\u00f3lo interesa conservar para la prestaci\u00f3n del servicio solicitado por el usuario en una sola ocasi\u00f3n (por ejemplo, una lista de productos adquiridos).<\/li><li><strong>Cookies persistentes:<\/strong>\u00a0Son un tipo de cookies por las que los datos siguen almacenados en el terminal y puede accederse a ellos y ser tratados durante un periodo definido. Tienen fecha de borrado. Se utilizan por ejemplo en el proceso de compra o registro para evitar tener que introducir nuestros datos constantemente.<\/li><li>\u00a0<\/li><\/ul><h4>SEG\u00daN QUIEN SEA LA ENTIDAD QUE GESTIONE EL EQUIPO O DOMINIO DESDE DONDE SE ENV\u00cdAN LAS COOKIES Y TRATE LOS DATOS QUE SE OBTENGAN, PODEMOS DISTINGUIR:<\/h4><p>\u00a0<\/p><ul><li><strong>Cookies propias:<\/strong>\u00a0Son aquellas que se env\u00edan al dispositivo del usuario gestionadas exclusivamente por nosotros para el mejor funcionamiento del sitio.<\/li><li><strong>Cookies de terceros:<\/strong>\u00a0Son aquellas que se env\u00edan al dispositivo del usuario desde un equipo o dominio que no es gestionado por nosotros sino por otra entidad, que tratar\u00e1 los datos obtenidos.<\/li><li>\u00a0<\/li><\/ul><h4>CUANDO NAVEGUES EN NUESTRA WEB SE PUEDEN INSTALAR EN TU DISPOSITIVO LAS SIGUIENTES COOKIES:<\/h4><p>\u00a0<\/p><ul><li><strong>Cookies de registro:<\/strong>\u00a0Cuando el usuario entra en nuestra web e inicia sesi\u00f3n se instala una cookie propia y temporal para que pueda navegar por su zona de usuario sin tener que introducir sus datos continuamente. Esta cookie desaparecer\u00e1 cuando cierre sesi\u00f3n.<\/li><li><strong>Cookies de an\u00e1lisis:<\/strong>\u00a0Sirven para estudiar el comportamiento de los usuarios de forma an\u00f3nima al navegar por nuestra web. As\u00ed podremos conocer los contenidos m\u00e1s vistos, el n\u00famero de visitantes, etc. Una informaci\u00f3n que utilizaremos para mejorar la experiencia de navegaci\u00f3n y optimizar nuestros servicios. Pueden ser propias pero tambi\u00e9n de terceros. Entre estas \u00faltimas se encuentran las cookies de Google Analytics.<\/li><li><strong>Cookies publicitarias de terceros:<\/strong>\u00a0El objetivo es optimizar la exposici\u00f3n de anuncios publicitarios, los que le interesan y si visita la web del anunciante.<\/li><li>\u00a0<\/li><\/ul><h3>Configuraci\u00f3n, consulta y desactivaci\u00f3n de cookies<\/h3><p>Usted puede permitir, bloquear o eliminar las cookies instaladas en su equipo mediante la configuraci\u00f3n de las opciones del navegador instalado en su ordenador:<\/p><ul><li><strong>Chrome<\/strong>, desde http:\/\/support.google.com\/chrome\/bin\/answer.py?hl=es&amp;answer=95647<\/li><li><strong>Safari<\/strong>, desde http:\/\/support.apple.com\/kb\/ph5042<\/li><li><strong>Explorer<\/strong>, desde http:\/\/windows.microsoft.com\/es-es\/windows7\/how-tomanage-cookies-in-internet-explorer-9<\/li><li><strong>Firefox<\/strong>, desde http:\/\/support.mozilla.org\/es\/kb\/habilitar-y-deshabilitar-cookiesque-los-sitios-we<\/li><\/ul><p>Todo lo relativo a las cookies de Google, tanto anal\u00edticas como publicitarias, as\u00ed como su administraci\u00f3n y configuraci\u00f3n se puede consultar en:<\/p><ul><li>http:\/\/www.google.es\/intl\/es\/policies\/technologies\/types\/<\/li><li>http:\/\/www.google.es\/policies\/technologies\/ads\/<\/li><li>https:\/\/developers.google.com\/analytics\/devguides\/collection\/analyticsjs\/cookieusage<\/li><\/ul><p>Si decide deshabilitar las Cookies no podremos ofrecerle nuestros servicios.<\/p><p>\u00a0<\/p><h3>Actualizaci\u00f3n de cookies<\/h3><p>Las cookies de www.energiasolarnovasol.com pueden ser actualizadas por lo que aconsejamos que revisen nuestra pol\u00edtica de forma peri\u00f3dica<\/p>\t\t\t\t\t\t<\/div>\r\n\t\t\t\t<\/div>\r\n\t\t\t\t<div class=\"elementor-element elementor-element-ef28fab elementor-widget elementor-widget-spacer\" data-id=\"ef28fab\" data-element_type=\"widget\" data-widget_type=\"spacer.default\">\r\n\t\t\t\t<div class=\"elementor-widget-container\">\r\n\t\t\t\t\t<div class=\"elementor-spacer\">\r\n\t\t\t<div class=\"elementor-spacer-inner\"><\/div>\r\n\t\t<\/div>\r\n\t\t\t\t<\/div>\r\n\t\t\t\t<\/div>\r\n\t\t\t\t\t<\/div>\r\n\t\t<\/div>\r\n\t\t\t\t\t<\/div>\r\n\t\t<\/section>\r\n\t\t\t\t<\/div>\r\n\t\t","protected":false},"excerpt":{"rendered":"","protected":false},"author":1,"featured_media":0,"parent":0,"menu_order":0,"comment_status":"closed","ping_status":"closed","template":"layouts\/home-page-layout.php","meta":{"footnotes":""},"class_list":["post-4717","page","type-page","status-publish","hentry"],"aioseo_notices":[],"_links":{"self":[{"href":"https:\/\/www.novasolmallorca.es\/en\/wp-json\/wp\/v2\/pages\/4717","targetHints":{"allow":["GET"]}}],"collection":[{"href":"https:\/\/www.novasolmallorca.es\/en\/wp-json\/wp\/v2\/pages"}],"about":[{"href":"https:\/\/www.novasolmallorca.es\/en\/wp-json\/wp\/v2\/types\/page"}],"author":[{"embeddable":true,"href":"https:\/\/www.novasolmallorca.es\/en\/wp-json\/wp\/v2\/users\/1"}],"replies":[{"embeddable":true,"href":"https:\/\/www.novasolmallorca.es\/en\/wp-json\/wp\/v2\/comments?post=4717"}],"version-history":[{"count":1,"href":"https:\/\/www.novasolmallorca.es\/en\/wp-json\/wp\/v2\/pages\/4717\/revisions"}],"predecessor-version":[{"id":4718,"href":"https:\/\/www.novasolmallorca.es\/en\/wp-json\/wp\/v2\/pages\/4717\/revisions\/4718"}],"wp:attachment":[{"href":"https:\/\/www.novasolmallorca.es\/en\/wp-json\/wp\/v2\/media?parent=4717"}],"curies":[{"name":"wp","href":"https:\/\/api.w.org\/{rel}","templated":true}]}}